{"id":1124,"date":"2019-09-18T16:44:54","date_gmt":"2019-09-18T14:44:54","guid":{"rendered":"https:\/\/www.berberlodge.net\/?page_id=1124"},"modified":"2019-10-22T15:06:38","modified_gmt":"2019-10-22T13:06:38","slug":"situation","status":"publish","type":"page","link":"https:\/\/www.berberlodge.net\/fr\/situation\/","title":{"rendered":"situation"},"content":{"rendered":"<p>[vc_row css_animation=\u00a0\u00bb\u00a0\u00bb row_type=\u00a0\u00bbrow\u00a0\u00bb use_row_as_full_screen_section=\u00a0\u00bbno\u00a0\u00bb type=\u00a0\u00bbgrid\u00a0\u00bb angled_section=\u00a0\u00bbno\u00a0\u00bb text_align=\u00a0\u00bbleft\u00a0\u00bb background_image_as_pattern=\u00a0\u00bbwithout_pattern\u00a0\u00bb z_index=\u00a0\u00bb\u00a0\u00bb][vc_column width=\u00a0\u00bb1\/6&Prime;][\/vc_column][vc_column width=\u00a0\u00bb4\/6&Prime;][vc_empty_space height=\u00a0\u00bb25px\u00a0\u00bb][vc_column_text el_class=\u00a0\u00bbblock-width\u00a0\u00bb]<\/p>\n<p style=\"text-align: center;\">Le Berber Lodge est situ\u00e9 \u00e0 25 minutes de l\u2019a\u00e9roport de Marrakech Menara et \u00e0 30 minutes de Marrakech, \u00e0 10 minutes du Lac Lalla Takerkoust, \u00e0 45 minutes de la Vall\u00e9e de L\u2019Ourika, et 1h30 d\u2019Imlil ou de Ouirgane et de 2H30 d\u2019Essaouira.<\/p>\n<p>[\/vc_column_text][vc_empty_space height=\u00a0\u00bb25px\u00a0\u00bb][\/vc_column][vc_column width=\u00a0\u00bb1\/6&Prime;][\/vc_column][\/vc_row][vc_row css_animation=\u00a0\u00bb\u00a0\u00bb row_type=\u00a0\u00bbrow\u00a0\u00bb use_row_as_full_screen_section=\u00a0\u00bbyes\u00a0\u00bb type=\u00a0\u00bbfull_width\u00a0\u00bb angled_section=\u00a0\u00bbno\u00a0\u00bb text_align=\u00a0\u00bbleft\u00a0\u00bb background_image_as_pattern=\u00a0\u00bbwithout_pattern\u00a0\u00bb z_index=\u00a0\u00bb\u00a0\u00bb][vc_column]<div class='google_map_shortcode_holder' style='height:600px;'><div class='qode_google_map' style='height:600px;' id='map_canvas_97645' data-addresses='[\"Berber Lodge Douar Oumnes, Tamesloth, Marrakech\"]' data-custom-map-style='true' data-color-overlay='#393939' data-saturation='-100' data-lightness='0' data-zoom='12' data-pin='https:\/\/www.berberlodge.net\/wp-content\/uploads\/2019\/10\/pin-2.png' data-unique-id='97645' data-google-maps-scroll-wheel='false' data-snazzy-map-style='no' data-map-height='600'><\/div><div class='google_map_shortcode_overlay'><\/div><\/div>[vc_empty_space height=\u00a0\u00bb25px\u00a0\u00bb][\/vc_column][\/vc_row][vc_row css_animation=\u00a0\u00bb\u00a0\u00bb row_type=\u00a0\u00bbrow\u00a0\u00bb use_row_as_full_screen_section=\u00a0\u00bbno\u00a0\u00bb type=\u00a0\u00bbgrid\u00a0\u00bb angled_section=\u00a0\u00bbno\u00a0\u00bb text_align=\u00a0\u00bbleft\u00a0\u00bb background_image_as_pattern=\u00a0\u00bbwithout_pattern\u00a0\u00bb z_index=\u00a0\u00bb\u00a0\u00bb][vc_column width=\u00a0\u00bb1\/6&Prime;][\/vc_column][vc_column width=\u00a0\u00bb4\/6&Prime;][vc_column_text]<\/p>\n<h1 style=\"text-align: center;\">transport<\/h1>\n<p>[\/vc_column_text][vc_separator type=\u00a0\u00bbtransparent\u00a0\u00bb thickness=\u00a0\u00bb1&Prime;][vc_column_text el_class=\u00a0\u00bbblock-width\u00a0\u00bb]<\/p>\n<div style=\"text-align: center;\">Afin de faciliter votre arriv\u00e9e nous conseillons \u00e0 nos clients d\u2019utiliser notre transporteur, celui ci demande 600 dh aller retour depuis votre Riad ou h\u00f4tel ou a\u00e9roport.<\/div>\n<div style=\"text-align: center;\">C&rsquo;est un taxi 4&#215;4.<\/div>\n<p>[\/vc_column_text][vc_empty_space height=\u00a0\u00bb25px\u00a0\u00bb][\/vc_column][vc_column width=\u00a0\u00bb1\/6&Prime;][\/vc_column][\/vc_row][vc_row css_animation=\u00a0\u00bb\u00a0\u00bb row_type=\u00a0\u00bbrow\u00a0\u00bb use_row_as_full_screen_section=\u00a0\u00bbno\u00a0\u00bb type=\u00a0\u00bbgrid\u00a0\u00bb angled_section=\u00a0\u00bbno\u00a0\u00bb text_align=\u00a0\u00bbleft\u00a0\u00bb background_image_as_pattern=\u00a0\u00bbwithout_pattern\u00a0\u00bb z_index=\u00a0\u00bb\u00a0\u00bb][vc_column width=\u00a0\u00bb1\/6&Prime;][\/vc_column][vc_column width=\u00a0\u00bb2\/6&Prime;][vc_single_image image=\u00a0\u00bb1966&Prime; img_size=\u00a0\u00bbfull\u00a0\u00bb alignment=\u00a0\u00bbcenter\u00a0\u00bb qode_css_animation=\u00a0\u00bb\u00a0\u00bb][vc_empty_space height=\u00a0\u00bb25px\u00a0\u00bb][\/vc_column][vc_column width=\u00a0\u00bb2\/6&Prime;][vc_single_image image=\u00a0\u00bb1967&Prime; img_size=\u00a0\u00bbfull\u00a0\u00bb alignment=\u00a0\u00bbcenter\u00a0\u00bb qode_css_animation=\u00a0\u00bb\u00a0\u00bb][vc_empty_space height=\u00a0\u00bb25px\u00a0\u00bb][\/vc_column][vc_column width=\u00a0\u00bb1\/6&Prime;][\/vc_column][\/vc_row]<\/p>\n","protected":false},"excerpt":{"rendered":"<p>[vc_row css_animation=\u00a0\u00bb\u00a0\u00bb row_type=\u00a0\u00bbrow\u00a0\u00bb use_row_as_full_screen_section=\u00a0\u00bbno\u00a0\u00bb type=\u00a0\u00bbgrid\u00a0\u00bb angled_section=\u00a0\u00bbno\u00a0\u00bb text_align=\u00a0\u00bbleft\u00a0\u00bb background_image_as_pattern=\u00a0\u00bbwithout_pattern\u00a0\u00bb z_index=\u00a0\u00bb\u00a0\u00bb][vc_column width=\u00a0\u00bb1\/6&Prime;][\/vc_column][vc_column width=\u00a0\u00bb4\/6&Prime;][vc_empty_space height=\u00a0\u00bb25px\u00a0\u00bb][vc_column_text el_class=\u00a0\u00bbblock-width\u00a0\u00bb] Le Berber Lodge est situ\u00e9 \u00e0 25 minutes de l\u2019a\u00e9roport de Marrakech Menara et \u00e0 30 minutes de Marrakech, \u00e0 10 minutes du Lac Lalla Takerkoust, \u00e0 45 minutes de la Vall\u00e9e&#8230;<\/p>\n","protected":false},"author":1,"featured_media":0,"parent":0,"menu_order":0,"comment_status":"closed","ping_status":"closed","template":"full_width.php","meta":{"footnotes":""},"class_list":["post-1124","page","type-page","status-publish","hentry"],"yoast_head":"<!-- This site is optimized with the Yoast SEO plugin v26.5 - https:\/\/yoast.com\/wordpress\/plugins\/seo\/ -->\n<title>situation - BERBER LODGE<\/title>\n<meta name=\"robots\" content=\"index, follow, max-snippet:-1, max-image-preview:large, max-video-preview:-1\" \/>\n<link rel=\"canonical\" href=\"https:\/\/www.berberlodge.net\/fr\/situation\/\" \/>\n<meta property=\"og:locale\" content=\"fr_FR\" \/>\n<meta property=\"og:type\" content=\"article\" \/>\n<meta property=\"og:title\" content=\"situation - BERBER LODGE\" \/>\n<meta property=\"og:description\" content=\"[vc_row css_animation=\u00a0\u00bb\u00a0\u00bb row_type=\u00a0\u00bbrow\u00a0\u00bb use_row_as_full_screen_section=\u00a0\u00bbno\u00a0\u00bb type=\u00a0\u00bbgrid\u00a0\u00bb angled_section=\u00a0\u00bbno\u00a0\u00bb text_align=\u00a0\u00bbleft\u00a0\u00bb background_image_as_pattern=\u00a0\u00bbwithout_pattern\u00a0\u00bb z_index=\u00a0\u00bb\u00a0\u00bb][vc_column width=\u00a0\u00bb1\/6&Prime;][\/vc_column][vc_column width=\u00a0\u00bb4\/6&Prime;][vc_empty_space height=\u00a0\u00bb25px\u00a0\u00bb][vc_column_text el_class=\u00a0\u00bbblock-width\u00a0\u00bb] Le Berber Lodge est situ\u00e9 \u00e0 25 minutes de l\u2019a\u00e9roport de Marrakech Menara et \u00e0 30 minutes de Marrakech, \u00e0 10 minutes du Lac Lalla Takerkoust, \u00e0 45 minutes de la Vall\u00e9e...\" \/>\n<meta property=\"og:url\" content=\"https:\/\/www.berberlodge.net\/fr\/situation\/\" \/>\n<meta property=\"og:site_name\" content=\"BERBER LODGE\" \/>\n<meta property=\"article:publisher\" content=\"https:\/\/www.facebook.com\/berberlodge\/\" \/>\n<meta property=\"article:modified_time\" content=\"2019-10-22T13:06:38+00:00\" \/>\n<meta name=\"twitter:card\" content=\"summary_large_image\" \/>\n<meta name=\"twitter:label1\" content=\"Dur\u00e9e de lecture estim\u00e9e\" \/>\n\t<meta name=\"twitter:data1\" content=\"2 minutes\" \/>\n<script type=\"application\/ld+json\" class=\"yoast-schema-graph\">{\"@context\":\"https:\/\/schema.org\",\"@graph\":[{\"@type\":\"WebPage\",\"@id\":\"https:\/\/www.berberlodge.net\/fr\/situation\/\",\"url\":\"https:\/\/www.berberlodge.net\/fr\/situation\/\",\"name\":\"situation - BERBER LODGE\",\"isPartOf\":{\"@id\":\"https:\/\/www.berberlodge.net\/#website\"},\"datePublished\":\"2019-09-18T14:44:54+00:00\",\"dateModified\":\"2019-10-22T13:06:38+00:00\",\"breadcrumb\":{\"@id\":\"https:\/\/www.berberlodge.net\/fr\/situation\/#breadcrumb\"},\"inLanguage\":\"fr-FR\",\"potentialAction\":[{\"@type\":\"ReadAction\",\"target\":[\"https:\/\/www.berberlodge.net\/fr\/situation\/\"]}]},{\"@type\":\"BreadcrumbList\",\"@id\":\"https:\/\/www.berberlodge.net\/fr\/situation\/#breadcrumb\",\"itemListElement\":[{\"@type\":\"ListItem\",\"position\":1,\"name\":\"Accueil\",\"item\":\"https:\/\/www.berberlodge.net\/fr\/\"},{\"@type\":\"ListItem\",\"position\":2,\"name\":\"situation\"}]},{\"@type\":\"WebSite\",\"@id\":\"https:\/\/www.berberlodge.net\/#website\",\"url\":\"https:\/\/www.berberlodge.net\/\",\"name\":\"BERBER LODGE MARRAKECH\",\"description\":\"Un site utilisant WordPress\",\"publisher\":{\"@id\":\"https:\/\/www.berberlodge.net\/#organization\"},\"potentialAction\":[{\"@type\":\"SearchAction\",\"target\":{\"@type\":\"EntryPoint\",\"urlTemplate\":\"https:\/\/www.berberlodge.net\/?s={search_term_string}\"},\"query-input\":{\"@type\":\"PropertyValueSpecification\",\"valueRequired\":true,\"valueName\":\"search_term_string\"}}],\"inLanguage\":\"fr-FR\"},{\"@type\":\"Organization\",\"@id\":\"https:\/\/www.berberlodge.net\/#organization\",\"name\":\"BERBER LODGE\",\"url\":\"https:\/\/www.berberlodge.net\/\",\"logo\":{\"@type\":\"ImageObject\",\"inLanguage\":\"fr-FR\",\"@id\":\"https:\/\/www.berberlodge.net\/#\/schema\/logo\/image\/\",\"url\":\"https:\/\/www.berberlodge.net\/wp-content\/uploads\/2019\/06\/logo_BERBER_LODGE-haut-blanc.png\",\"contentUrl\":\"https:\/\/www.berberlodge.net\/wp-content\/uploads\/2019\/06\/logo_BERBER_LODGE-haut-blanc.png\",\"width\":250,\"height\":389,\"caption\":\"BERBER LODGE\"},\"image\":{\"@id\":\"https:\/\/www.berberlodge.net\/#\/schema\/logo\/image\/\"},\"sameAs\":[\"https:\/\/www.facebook.com\/berberlodge\/\",\"https:\/\/www.instagram.com\/berberlodge_\/\"]}]}<\/script>\n<!-- \/ Yoast SEO plugin. -->","yoast_head_json":{"title":"situation - BERBER LODGE","robots":{"index":"index","follow":"follow","max-snippet":"max-snippet:-1","max-image-preview":"max-image-preview:large","max-video-preview":"max-video-preview:-1"},"canonical":"https:\/\/www.berberlodge.net\/fr\/situation\/","og_locale":"fr_FR","og_type":"article","og_title":"situation - BERBER LODGE","og_description":"[vc_row css_animation=\u00a0\u00bb\u00a0\u00bb row_type=\u00a0\u00bbrow\u00a0\u00bb use_row_as_full_screen_section=\u00a0\u00bbno\u00a0\u00bb type=\u00a0\u00bbgrid\u00a0\u00bb angled_section=\u00a0\u00bbno\u00a0\u00bb text_align=\u00a0\u00bbleft\u00a0\u00bb background_image_as_pattern=\u00a0\u00bbwithout_pattern\u00a0\u00bb z_index=\u00a0\u00bb\u00a0\u00bb][vc_column width=\u00a0\u00bb1\/6&Prime;][\/vc_column][vc_column width=\u00a0\u00bb4\/6&Prime;][vc_empty_space height=\u00a0\u00bb25px\u00a0\u00bb][vc_column_text el_class=\u00a0\u00bbblock-width\u00a0\u00bb] Le Berber Lodge est situ\u00e9 \u00e0 25 minutes de l\u2019a\u00e9roport de Marrakech Menara et \u00e0 30 minutes de Marrakech, \u00e0 10 minutes du Lac Lalla Takerkoust, \u00e0 45 minutes de la Vall\u00e9e...","og_url":"https:\/\/www.berberlodge.net\/fr\/situation\/","og_site_name":"BERBER LODGE","article_publisher":"https:\/\/www.facebook.com\/berberlodge\/","article_modified_time":"2019-10-22T13:06:38+00:00","twitter_card":"summary_large_image","twitter_misc":{"Dur\u00e9e de lecture estim\u00e9e":"2 minutes"},"schema":{"@context":"https:\/\/schema.org","@graph":[{"@type":"WebPage","@id":"https:\/\/www.berberlodge.net\/fr\/situation\/","url":"https:\/\/www.berberlodge.net\/fr\/situation\/","name":"situation - BERBER LODGE","isPartOf":{"@id":"https:\/\/www.berberlodge.net\/#website"},"datePublished":"2019-09-18T14:44:54+00:00","dateModified":"2019-10-22T13:06:38+00:00","breadcrumb":{"@id":"https:\/\/www.berberlodge.net\/fr\/situation\/#breadcrumb"},"inLanguage":"fr-FR","potentialAction":[{"@type":"ReadAction","target":["https:\/\/www.berberlodge.net\/fr\/situation\/"]}]},{"@type":"BreadcrumbList","@id":"https:\/\/www.berberlodge.net\/fr\/situation\/#breadcrumb","itemListElement":[{"@type":"ListItem","position":1,"name":"Accueil","item":"https:\/\/www.berberlodge.net\/fr\/"},{"@type":"ListItem","position":2,"name":"situation"}]},{"@type":"WebSite","@id":"https:\/\/www.berberlodge.net\/#website","url":"https:\/\/www.berberlodge.net\/","name":"BERBER LODGE MARRAKECH","description":"Un site utilisant WordPress","publisher":{"@id":"https:\/\/www.berberlodge.net\/#organization"},"potentialAction":[{"@type":"SearchAction","target":{"@type":"EntryPoint","urlTemplate":"https:\/\/www.berberlodge.net\/?s={search_term_string}"},"query-input":{"@type":"PropertyValueSpecification","valueRequired":true,"valueName":"search_term_string"}}],"inLanguage":"fr-FR"},{"@type":"Organization","@id":"https:\/\/www.berberlodge.net\/#organization","name":"BERBER LODGE","url":"https:\/\/www.berberlodge.net\/","logo":{"@type":"ImageObject","inLanguage":"fr-FR","@id":"https:\/\/www.berberlodge.net\/#\/schema\/logo\/image\/","url":"https:\/\/www.berberlodge.net\/wp-content\/uploads\/2019\/06\/logo_BERBER_LODGE-haut-blanc.png","contentUrl":"https:\/\/www.berberlodge.net\/wp-content\/uploads\/2019\/06\/logo_BERBER_LODGE-haut-blanc.png","width":250,"height":389,"caption":"BERBER LODGE"},"image":{"@id":"https:\/\/www.berberlodge.net\/#\/schema\/logo\/image\/"},"sameAs":["https:\/\/www.facebook.com\/berberlodge\/","https:\/\/www.instagram.com\/berberlodge_\/"]}]}},"_links":{"self":[{"href":"https:\/\/www.berberlodge.net\/fr\/wp-json\/wp\/v2\/pages\/1124","targetHints":{"allow":["GET"]}}],"collection":[{"href":"https:\/\/www.berberlodge.net\/fr\/wp-json\/wp\/v2\/pages"}],"about":[{"href":"https:\/\/www.berberlodge.net\/fr\/wp-json\/wp\/v2\/types\/page"}],"author":[{"embeddable":true,"href":"https:\/\/www.berberlodge.net\/fr\/wp-json\/wp\/v2\/users\/1"}],"replies":[{"embeddable":true,"href":"https:\/\/www.berberlodge.net\/fr\/wp-json\/wp\/v2\/comments?post=1124"}],"version-history":[{"count":41,"href":"https:\/\/www.berberlodge.net\/fr\/wp-json\/wp\/v2\/pages\/1124\/revisions"}],"predecessor-version":[{"id":2013,"href":"https:\/\/www.berberlodge.net\/fr\/wp-json\/wp\/v2\/pages\/1124\/revisions\/2013"}],"wp:attachment":[{"href":"https:\/\/www.berberlodge.net\/fr\/wp-json\/wp\/v2\/media?parent=1124"}],"curies":[{"name":"wp","href":"https:\/\/api.w.org\/{rel}","templated":true}]}}