{"id":1101,"date":"2019-09-18T15:24:58","date_gmt":"2019-09-18T13:24:58","guid":{"rendered":"https:\/\/www.berberlodge.net\/?page_id=1101"},"modified":"2021-09-15T15:26:35","modified_gmt":"2021-09-15T13:26:35","slug":"activites","status":"publish","type":"page","link":"https:\/\/www.berberlodge.net\/fr\/activites\/","title":{"rendered":"activit\u00e9s"},"content":{"rendered":"<p>[vc_row css_animation=\u00a0\u00bb\u00a0\u00bb row_type=\u00a0\u00bbrow\u00a0\u00bb use_row_as_full_screen_section=\u00a0\u00bbno\u00a0\u00bb type=\u00a0\u00bbgrid\u00a0\u00bb angled_section=\u00a0\u00bbno\u00a0\u00bb text_align=\u00a0\u00bbleft\u00a0\u00bb background_image_as_pattern=\u00a0\u00bbwithout_pattern\u00a0\u00bb z_index=\u00a0\u00bb\u00a0\u00bb][vc_column width=\u00a0\u00bb1\/6&Prime;][\/vc_column][vc_column width=\u00a0\u00bb4\/6&Prime;][vc_empty_space height=\u00a0\u00bb20px\u00a0\u00bb][vc_column_text el_class=\u00a0\u00bbblock-width\u00a0\u00bb]<\/p>\n<p style=\"text-align: center;\">Notre h\u00f4tel est totalement ind\u00e9pendant des activit\u00e9s suivantes et nous d\u00e9clinons toute responsabilit\u00e9 concernant leurs services. Nous les recommandons uniquement d&rsquo;apr\u00e8s les retours de nos clients.<\/p>\n<p>[\/vc_column_text][vc_empty_space height=\u00a0\u00bb40px\u00a0\u00bb][\/vc_column][vc_column width=\u00a0\u00bb1\/6&Prime;][\/vc_column][\/vc_row][vc_row css_animation=\u00a0\u00bb\u00a0\u00bb row_type=\u00a0\u00bbrow\u00a0\u00bb use_row_as_full_screen_section=\u00a0\u00bbno\u00a0\u00bb type=\u00a0\u00bbgrid\u00a0\u00bb angled_section=\u00a0\u00bbno\u00a0\u00bb text_align=\u00a0\u00bbleft\u00a0\u00bb background_image_as_pattern=\u00a0\u00bbwithout_pattern\u00a0\u00bb z_index=\u00a0\u00bb\u00a0\u00bb background_color=\u00a0\u00bb#ffffff\u00a0\u00bb][vc_column width=\u00a0\u00bb1\/6&Prime;][\/vc_column][vc_column width=\u00a0\u00bb2\/3&Prime;][vc_carousel_father arrow=\u00a0\u00bbtrue\u00a0\u00bb dot=\u00a0\u00bbfalse\u00a0\u00bb slide_visible=\u00a0\u00bb2&Prime; tabs=\u00a0\u00bb2&Prime; speed=\u00a0\u00bb3000&Prime; arrowclr=\u00a0\u00bb#907654&Prime; arrowsize=\u00a0\u00bb65px\u00a0\u00bb][vc_carousel_son img_radius=\u00a0\u00bb0&Prime; image_id=\u00a0\u00bb1624&Prime;]<\/p>\n<h4 style=\"text-align: center;\">visite d&rsquo;un atelier de tisserands, tamsloht<\/h4>\n<p>&nbsp;<\/p>\n<div style=\"text-align: left;\">Visite de l\u2019association du village de tisserands, Tamsloth. Art Tam.<\/div>\n<div style=\"text-align: left;\">Boutique de l\u2019atelier, serviettes, linges de bain.<\/div>\n<div style=\"text-align: left;\">On peut y aller en taxi ou par ses propres moyens. Ferm\u00e9 le vendredi<\/div>\n<div style=\"text-align: left;\">Prix taxi 400 DH AR<\/div>\n<p>[\/vc_carousel_son][vc_carousel_son img_radius=\u00a0\u00bb0&Prime; image_id=\u00a0\u00bb1581&Prime;]<\/p>\n<h4 style=\"text-align: center;\">balade \u00e0 cheval, lac lalla takerkoust<\/h4>\n<p>&nbsp;<\/p>\n<div style=\"text-align: left;\">Un taxi vient chercher les clients vers 09H30, et amener les clients vers le point de d\u00e9part.<\/div>\n<div style=\"text-align: left;\">Accompagnement d&rsquo;un guide. Suivi d&rsquo;un d\u00e9jeuner chez l&rsquo;habitant .<\/div>\n<div style=\"text-align: left;\">Prix 85 euros\/personne<\/div>\n<div style=\"text-align: left;\"><\/div>\n<p>[\/vc_carousel_son][vc_carousel_son img_radius=\u00a0\u00bb0&Prime; image_id=\u00a0\u00bb1975&Prime; img_width=\u00a0\u00bb224&Prime; img_height=\u00a0\u00bb300&Prime;]<\/p>\n<h4 style=\"text-align: center;\">massages<\/h4>\n<p>&nbsp;<\/p>\n<div style=\"text-align: left;\">Faite par Masseuse professionnelle :<\/div>\n<div style=\"text-align: left;\">600 DH\/personne sur commande et possibilit\u00e9<\/div>\n<p>[\/vc_carousel_son][vc_carousel_son img_radius=\u00a0\u00bb0&Prime; image_id=\u00a0\u00bb1609&Prime;]<\/p>\n<h4 style=\"text-align: center;\">kasbah bab ourika<\/h4>\n<div><\/div>\n<p>&nbsp;<\/p>\n<div style=\"text-align: center;\">\n<div style=\"text-align: left;\">Prix aller retour Taxi: 1100 DH (pour 4 personnes max)<\/div>\n<div style=\"text-align: left;\">DEJEUNER \u00e0 LOURIKA:<\/div>\n<div style=\"text-align: left;\">D\u00e9jeuner \u00e0 BAB OURIKA<\/div>\n<div style=\"text-align: left;\">Sur demande, balade avec un guide<\/div>\n<div style=\"text-align: left;\"><\/div>\n<\/div>\n<p>[\/vc_carousel_son][vc_carousel_son img_radius=\u00a0\u00bb0&Prime; image_id=\u00a0\u00bb1582&Prime;]<\/p>\n<h4 style=\"text-align: center;\">balade en quad, desert d&rsquo;agafay<\/h4>\n<p>&nbsp;<\/p>\n<div style=\"text-align: left;\">Les Quads \u00a0arrivent sur place, et la balade se situe autour du d\u00e9sert d&rsquo;Agafay, elle peut<\/div>\n<div style=\"text-align: left;\">\u00e9galement \u00eatre suivie d&rsquo;un d\u00e9jeuner sous tente, chez l&rsquo;habitant<\/div>\n<div style=\"text-align: left;\">Quads<\/div>\n<div style=\"text-align: left;\">Prix: 350 Dh\/heure\/Personne<\/div>\n<div style=\"text-align: left;\">pour deux sur un quad, \u00e0 demander<\/div>\n<div style=\"text-align: left;\">D\u00e9jeuner: \u00e0 partir de 250 DH\/personne<\/div>\n<p>[\/vc_carousel_son][vc_carousel_son img_radius=\u00a0\u00bb0&Prime; image_id=\u00a0\u00bb1610&Prime;]<\/p>\n<h4 style=\"text-align: center;\">visite de la kasbah d\u2019oumnas<\/h4>\n<p>&nbsp;<\/p>\n<div style=\"text-align: left;\">La kasbah familial d\u2019oumnas est priv\u00e9e et une visite et possible sur rdv.<\/div>\n<div style=\"text-align: left;\">Prix: 100 dh\/2 \u00e0 3 personnes<\/div>\n<div style=\"text-align: left;\">Au dela 200 dh<\/div>\n<p>[\/vc_carousel_son][vc_carousel_son img_radius=\u00a0\u00bb0&Prime; image_id=\u00a0\u00bb1611&Prime;]<\/p>\n<h4 style=\"text-align: center;\">d\u00e9jeuner de la kasbah tamadoth<\/h4>\n<p>&nbsp;<\/p>\n<div style=\"text-align: left;\">1100 dh Taxi \u00a0pour max 4 pers (hors d\u00e9jeuner)<\/div>\n<p>[\/vc_carousel_son][vc_carousel_son img_radius=\u00a0\u00bb0&Prime; image_id=\u00a0\u00bb1612&Prime;]<\/p>\n<h4 style=\"text-align: center;\">d\u00e9jeuner \u00e0 scarabeo camp<\/h4>\n<p>&nbsp;<\/p>\n<div style=\"text-align: left;\">Imaginez un bivouac de charme, compos\u00e9 d\u2019une douzaine de tentes plant\u00e9es dans les plus beaux endroits du Maroc.<br \/>\nUne exp\u00e9dition hors du temps dans une \u00e9l\u00e9gante simplicit\u00e9. Se fondant dans l&rsquo;environnement, des tentes spacieuses et confortables vous m\u00e9tamorphosent en voyageur nomade.<\/div>\n<p>[\/vc_carousel_son][vc_carousel_son img_radius=\u00a0\u00bb0&Prime; image_id=\u00a0\u00bb1613&Prime;]<\/p>\n<h4 style=\"text-align: center;\">d\u00e9sert d&rsquo;agafay<\/h4>\n<p>&nbsp;<\/p>\n<div style=\"text-align: center;\">\n<div style=\"text-align: left;\">Plusieurs lieux proposent des d\u00e9jeuners.<\/div>\n<div style=\"text-align: left;\">Compter l&rsquo;aller retour en taxi 4X4 700 DH<\/div>\n<div style=\"text-align: left;\">La Pause<\/div>\n<div style=\"text-align: left;\"><\/div>\n<\/div>\n<p>[\/vc_carousel_son][vc_carousel_son img_radius=\u00a0\u00bb0&Prime; image_id=\u00a0\u00bb1614&Prime;]<\/p>\n<h4 style=\"text-align: center;\">d\u00e9jeuner \u00e0 kasbah du toubkal<\/h4>\n<p>&nbsp;<\/p>\n<div style=\"text-align: left;\">\n<p id=\"tw-target-text\" class=\"tw-data-text tw-text-large tw-ta\" dir=\"ltr\" data-placeholder=\"Traduction\"><span lang=\"fr\" tabindex=\"0\">La Kasbah du Toubkal est la premi\u00e8re propri\u00e9t\u00e9 de choix pour un h\u00e9bergement confortable \u00e0 l&rsquo;h\u00f4tel dans le village d&rsquo;Imlil et les montagnes du Haut Atlas marocain.<\/span><\/p>\n<\/div>\n<p>[\/vc_carousel_son][vc_carousel_son image_id=\u00a0\u00bb1970&Prime;]<\/p>\n<h4 style=\"text-align: center;\">ouirgane<\/h4>\n<p>&nbsp;<\/p>\n<div style=\"text-align: left;\">Jolie Vall\u00e9e \u00e0 d\u00e9couvrir en passant par Amizmiz et retour par Asni et Tahnaoute et par le plateau du KIK. Pr\u00e9voir une journ\u00e9e enti\u00e8re<\/div>\n<div style=\"text-align: left;\">Prix du Taxi 1200 dh pour deux \u00e0 quatre non compris le d\u00e9jeuner<\/div>\n<div style=\"text-align: left;\"><\/div>\n<p>[\/vc_carousel_son][\/vc_carousel_father][\/vc_column][vc_column width=\u00a0\u00bb1\/6&Prime;][\/vc_column][\/vc_row]<\/p>\n","protected":false},"excerpt":{"rendered":"<p>[vc_row css_animation=\u00a0\u00bb\u00a0\u00bb row_type=\u00a0\u00bbrow\u00a0\u00bb use_row_as_full_screen_section=\u00a0\u00bbno\u00a0\u00bb type=\u00a0\u00bbgrid\u00a0\u00bb angled_section=\u00a0\u00bbno\u00a0\u00bb text_align=\u00a0\u00bbleft\u00a0\u00bb background_image_as_pattern=\u00a0\u00bbwithout_pattern\u00a0\u00bb z_index=\u00a0\u00bb\u00a0\u00bb][vc_column width=\u00a0\u00bb1\/6&Prime;][\/vc_column][vc_column width=\u00a0\u00bb4\/6&Prime;][vc_empty_space height=\u00a0\u00bb20px\u00a0\u00bb][vc_column_text el_class=\u00a0\u00bbblock-width\u00a0\u00bb] Notre h\u00f4tel est totalement ind\u00e9pendant des activit\u00e9s suivantes et nous d\u00e9clinons toute responsabilit\u00e9 concernant leurs services. Nous les recommandons uniquement d&rsquo;apr\u00e8s les retours de nos clients. [\/vc_column_text][vc_empty_space height=\u00a0\u00bb40px\u00a0\u00bb][\/vc_column][vc_column width=\u00a0\u00bb1\/6&Prime;][\/vc_column][\/vc_row][vc_row css_animation=\u00a0\u00bb\u00a0\u00bb row_type=\u00a0\u00bbrow\u00a0\u00bb use_row_as_full_screen_section=\u00a0\u00bbno\u00a0\u00bb&#8230;<\/p>\n","protected":false},"author":1,"featured_media":0,"parent":0,"menu_order":0,"comment_status":"closed","ping_status":"closed","template":"full_width.php","meta":{"footnotes":""},"class_list":["post-1101","page","type-page","status-publish","hentry"],"yoast_head":"<!-- This site is optimized with the Yoast SEO plugin v26.5 - https:\/\/yoast.com\/wordpress\/plugins\/seo\/ -->\n<title>activit\u00e9s - BERBER LODGE<\/title>\n<meta name=\"robots\" content=\"index, follow, max-snippet:-1, max-image-preview:large, max-video-preview:-1\" \/>\n<link rel=\"canonical\" href=\"https:\/\/www.berberlodge.net\/fr\/activites\/\" \/>\n<meta property=\"og:locale\" content=\"fr_FR\" \/>\n<meta property=\"og:type\" content=\"article\" \/>\n<meta property=\"og:title\" content=\"activit\u00e9s - BERBER LODGE\" \/>\n<meta property=\"og:description\" content=\"[vc_row css_animation=\u00a0\u00bb\u00a0\u00bb row_type=\u00a0\u00bbrow\u00a0\u00bb use_row_as_full_screen_section=\u00a0\u00bbno\u00a0\u00bb type=\u00a0\u00bbgrid\u00a0\u00bb angled_section=\u00a0\u00bbno\u00a0\u00bb text_align=\u00a0\u00bbleft\u00a0\u00bb background_image_as_pattern=\u00a0\u00bbwithout_pattern\u00a0\u00bb z_index=\u00a0\u00bb\u00a0\u00bb][vc_column width=\u00a0\u00bb1\/6&Prime;][\/vc_column][vc_column width=\u00a0\u00bb4\/6&Prime;][vc_empty_space height=\u00a0\u00bb20px\u00a0\u00bb][vc_column_text el_class=\u00a0\u00bbblock-width\u00a0\u00bb] Notre h\u00f4tel est totalement ind\u00e9pendant des activit\u00e9s suivantes et nous d\u00e9clinons toute responsabilit\u00e9 concernant leurs services. Nous les recommandons uniquement d&rsquo;apr\u00e8s les retours de nos clients. [\/vc_column_text][vc_empty_space height=\u00a0\u00bb40px\u00a0\u00bb][\/vc_column][vc_column width=\u00a0\u00bb1\/6&Prime;][\/vc_column][\/vc_row][vc_row css_animation=\u00a0\u00bb\u00a0\u00bb row_type=\u00a0\u00bbrow\u00a0\u00bb use_row_as_full_screen_section=\u00a0\u00bbno\u00a0\u00bb...\" \/>\n<meta property=\"og:url\" content=\"https:\/\/www.berberlodge.net\/fr\/activites\/\" \/>\n<meta property=\"og:site_name\" content=\"BERBER LODGE\" \/>\n<meta property=\"article:publisher\" content=\"https:\/\/www.facebook.com\/berberlodge\/\" \/>\n<meta property=\"article:modified_time\" content=\"2021-09-15T13:26:35+00:00\" \/>\n<meta name=\"twitter:card\" content=\"summary_large_image\" \/>\n<meta name=\"twitter:label1\" content=\"Dur\u00e9e de lecture estim\u00e9e\" \/>\n\t<meta name=\"twitter:data1\" content=\"2 minutes\" \/>\n<script type=\"application\/ld+json\" class=\"yoast-schema-graph\">{\"@context\":\"https:\/\/schema.org\",\"@graph\":[{\"@type\":\"WebPage\",\"@id\":\"https:\/\/www.berberlodge.net\/fr\/activites\/\",\"url\":\"https:\/\/www.berberlodge.net\/fr\/activites\/\",\"name\":\"activit\u00e9s - BERBER LODGE\",\"isPartOf\":{\"@id\":\"https:\/\/www.berberlodge.net\/#website\"},\"datePublished\":\"2019-09-18T13:24:58+00:00\",\"dateModified\":\"2021-09-15T13:26:35+00:00\",\"breadcrumb\":{\"@id\":\"https:\/\/www.berberlodge.net\/fr\/activites\/#breadcrumb\"},\"inLanguage\":\"fr-FR\",\"potentialAction\":[{\"@type\":\"ReadAction\",\"target\":[\"https:\/\/www.berberlodge.net\/fr\/activites\/\"]}]},{\"@type\":\"BreadcrumbList\",\"@id\":\"https:\/\/www.berberlodge.net\/fr\/activites\/#breadcrumb\",\"itemListElement\":[{\"@type\":\"ListItem\",\"position\":1,\"name\":\"Accueil\",\"item\":\"https:\/\/www.berberlodge.net\/fr\/\"},{\"@type\":\"ListItem\",\"position\":2,\"name\":\"activit\u00e9s\"}]},{\"@type\":\"WebSite\",\"@id\":\"https:\/\/www.berberlodge.net\/#website\",\"url\":\"https:\/\/www.berberlodge.net\/\",\"name\":\"BERBER LODGE MARRAKECH\",\"description\":\"Un site utilisant WordPress\",\"publisher\":{\"@id\":\"https:\/\/www.berberlodge.net\/#organization\"},\"potentialAction\":[{\"@type\":\"SearchAction\",\"target\":{\"@type\":\"EntryPoint\",\"urlTemplate\":\"https:\/\/www.berberlodge.net\/?s={search_term_string}\"},\"query-input\":{\"@type\":\"PropertyValueSpecification\",\"valueRequired\":true,\"valueName\":\"search_term_string\"}}],\"inLanguage\":\"fr-FR\"},{\"@type\":\"Organization\",\"@id\":\"https:\/\/www.berberlodge.net\/#organization\",\"name\":\"BERBER LODGE\",\"url\":\"https:\/\/www.berberlodge.net\/\",\"logo\":{\"@type\":\"ImageObject\",\"inLanguage\":\"fr-FR\",\"@id\":\"https:\/\/www.berberlodge.net\/#\/schema\/logo\/image\/\",\"url\":\"https:\/\/www.berberlodge.net\/wp-content\/uploads\/2019\/06\/logo_BERBER_LODGE-haut-blanc.png\",\"contentUrl\":\"https:\/\/www.berberlodge.net\/wp-content\/uploads\/2019\/06\/logo_BERBER_LODGE-haut-blanc.png\",\"width\":250,\"height\":389,\"caption\":\"BERBER LODGE\"},\"image\":{\"@id\":\"https:\/\/www.berberlodge.net\/#\/schema\/logo\/image\/\"},\"sameAs\":[\"https:\/\/www.facebook.com\/berberlodge\/\",\"https:\/\/www.instagram.com\/berberlodge_\/\"]}]}<\/script>\n<!-- \/ Yoast SEO plugin. -->","yoast_head_json":{"title":"activit\u00e9s - BERBER LODGE","robots":{"index":"index","follow":"follow","max-snippet":"max-snippet:-1","max-image-preview":"max-image-preview:large","max-video-preview":"max-video-preview:-1"},"canonical":"https:\/\/www.berberlodge.net\/fr\/activites\/","og_locale":"fr_FR","og_type":"article","og_title":"activit\u00e9s - BERBER LODGE","og_description":"[vc_row css_animation=\u00a0\u00bb\u00a0\u00bb row_type=\u00a0\u00bbrow\u00a0\u00bb use_row_as_full_screen_section=\u00a0\u00bbno\u00a0\u00bb type=\u00a0\u00bbgrid\u00a0\u00bb angled_section=\u00a0\u00bbno\u00a0\u00bb text_align=\u00a0\u00bbleft\u00a0\u00bb background_image_as_pattern=\u00a0\u00bbwithout_pattern\u00a0\u00bb z_index=\u00a0\u00bb\u00a0\u00bb][vc_column width=\u00a0\u00bb1\/6&Prime;][\/vc_column][vc_column width=\u00a0\u00bb4\/6&Prime;][vc_empty_space height=\u00a0\u00bb20px\u00a0\u00bb][vc_column_text el_class=\u00a0\u00bbblock-width\u00a0\u00bb] Notre h\u00f4tel est totalement ind\u00e9pendant des activit\u00e9s suivantes et nous d\u00e9clinons toute responsabilit\u00e9 concernant leurs services. Nous les recommandons uniquement d&rsquo;apr\u00e8s les retours de nos clients. [\/vc_column_text][vc_empty_space height=\u00a0\u00bb40px\u00a0\u00bb][\/vc_column][vc_column width=\u00a0\u00bb1\/6&Prime;][\/vc_column][\/vc_row][vc_row css_animation=\u00a0\u00bb\u00a0\u00bb row_type=\u00a0\u00bbrow\u00a0\u00bb use_row_as_full_screen_section=\u00a0\u00bbno\u00a0\u00bb...","og_url":"https:\/\/www.berberlodge.net\/fr\/activites\/","og_site_name":"BERBER LODGE","article_publisher":"https:\/\/www.facebook.com\/berberlodge\/","article_modified_time":"2021-09-15T13:26:35+00:00","twitter_card":"summary_large_image","twitter_misc":{"Dur\u00e9e de lecture estim\u00e9e":"2 minutes"},"schema":{"@context":"https:\/\/schema.org","@graph":[{"@type":"WebPage","@id":"https:\/\/www.berberlodge.net\/fr\/activites\/","url":"https:\/\/www.berberlodge.net\/fr\/activites\/","name":"activit\u00e9s - BERBER LODGE","isPartOf":{"@id":"https:\/\/www.berberlodge.net\/#website"},"datePublished":"2019-09-18T13:24:58+00:00","dateModified":"2021-09-15T13:26:35+00:00","breadcrumb":{"@id":"https:\/\/www.berberlodge.net\/fr\/activites\/#breadcrumb"},"inLanguage":"fr-FR","potentialAction":[{"@type":"ReadAction","target":["https:\/\/www.berberlodge.net\/fr\/activites\/"]}]},{"@type":"BreadcrumbList","@id":"https:\/\/www.berberlodge.net\/fr\/activites\/#breadcrumb","itemListElement":[{"@type":"ListItem","position":1,"name":"Accueil","item":"https:\/\/www.berberlodge.net\/fr\/"},{"@type":"ListItem","position":2,"name":"activit\u00e9s"}]},{"@type":"WebSite","@id":"https:\/\/www.berberlodge.net\/#website","url":"https:\/\/www.berberlodge.net\/","name":"BERBER LODGE MARRAKECH","description":"Un site utilisant WordPress","publisher":{"@id":"https:\/\/www.berberlodge.net\/#organization"},"potentialAction":[{"@type":"SearchAction","target":{"@type":"EntryPoint","urlTemplate":"https:\/\/www.berberlodge.net\/?s={search_term_string}"},"query-input":{"@type":"PropertyValueSpecification","valueRequired":true,"valueName":"search_term_string"}}],"inLanguage":"fr-FR"},{"@type":"Organization","@id":"https:\/\/www.berberlodge.net\/#organization","name":"BERBER LODGE","url":"https:\/\/www.berberlodge.net\/","logo":{"@type":"ImageObject","inLanguage":"fr-FR","@id":"https:\/\/www.berberlodge.net\/#\/schema\/logo\/image\/","url":"https:\/\/www.berberlodge.net\/wp-content\/uploads\/2019\/06\/logo_BERBER_LODGE-haut-blanc.png","contentUrl":"https:\/\/www.berberlodge.net\/wp-content\/uploads\/2019\/06\/logo_BERBER_LODGE-haut-blanc.png","width":250,"height":389,"caption":"BERBER LODGE"},"image":{"@id":"https:\/\/www.berberlodge.net\/#\/schema\/logo\/image\/"},"sameAs":["https:\/\/www.facebook.com\/berberlodge\/","https:\/\/www.instagram.com\/berberlodge_\/"]}]}},"_links":{"self":[{"href":"https:\/\/www.berberlodge.net\/fr\/wp-json\/wp\/v2\/pages\/1101","targetHints":{"allow":["GET"]}}],"collection":[{"href":"https:\/\/www.berberlodge.net\/fr\/wp-json\/wp\/v2\/pages"}],"about":[{"href":"https:\/\/www.berberlodge.net\/fr\/wp-json\/wp\/v2\/types\/page"}],"author":[{"embeddable":true,"href":"https:\/\/www.berberlodge.net\/fr\/wp-json\/wp\/v2\/users\/1"}],"replies":[{"embeddable":true,"href":"https:\/\/www.berberlodge.net\/fr\/wp-json\/wp\/v2\/comments?post=1101"}],"version-history":[{"count":79,"href":"https:\/\/www.berberlodge.net\/fr\/wp-json\/wp\/v2\/pages\/1101\/revisions"}],"predecessor-version":[{"id":2077,"href":"https:\/\/www.berberlodge.net\/fr\/wp-json\/wp\/v2\/pages\/1101\/revisions\/2077"}],"wp:attachment":[{"href":"https:\/\/www.berberlodge.net\/fr\/wp-json\/wp\/v2\/media?parent=1101"}],"curies":[{"name":"wp","href":"https:\/\/api.w.org\/{rel}","templated":true}]}}