{"id":1099,"date":"2019-09-18T15:23:52","date_gmt":"2019-09-18T13:23:52","guid":{"rendered":"https:\/\/www.berberlodge.net\/?page_id=1099"},"modified":"2022-09-16T09:59:26","modified_gmt":"2022-09-16T07:59:26","slug":"conditions-generales","status":"publish","type":"page","link":"https:\/\/www.berberlodge.net\/fr\/conditions-generales\/","title":{"rendered":"conditions g\u00e9n\u00e9rales"},"content":{"rendered":"<p>[vc_row css_animation=\u00a0\u00bb\u00a0\u00bb row_type=\u00a0\u00bbrow\u00a0\u00bb use_row_as_full_screen_section=\u00a0\u00bbno\u00a0\u00bb type=\u00a0\u00bbfull_width\u00a0\u00bb angled_section=\u00a0\u00bbno\u00a0\u00bb text_align=\u00a0\u00bbleft\u00a0\u00bb background_image_as_pattern=\u00a0\u00bbwithout_pattern\u00a0\u00bb][vc_column][vc_empty_space height=\u00a0\u00bb60px\u00a0\u00bb][\/vc_column][\/vc_row][vc_row css_animation=\u00a0\u00bb\u00a0\u00bb row_type=\u00a0\u00bbrow\u00a0\u00bb use_row_as_full_screen_section=\u00a0\u00bbno\u00a0\u00bb type=\u00a0\u00bbfull_width\u00a0\u00bb angled_section=\u00a0\u00bbno\u00a0\u00bb text_align=\u00a0\u00bbleft\u00a0\u00bb background_image_as_pattern=\u00a0\u00bbwithout_pattern\u00a0\u00bb z_index=\u00a0\u00bb\u00a0\u00bb][vc_column width=\u00a0\u00bb1\/4&Prime;][\/vc_column][vc_column width=\u00a0\u00bb1\/2&Prime;]<div class=\"qode-accordion-holder clearfix qode-toggle qode-initial \">\n\t<h4 class=\"clearfix qode-title-holder\">\n<span class=\"qode-tab-title\">\n\t    <span class=\"qode-tab-title-inner\">\n        Quels sont les options de payement \u00e0 Berber Lodge ?    <\/span>\n<\/span>\n<span class=\"qode-accordion-mark\">\n    <span class=\"qode-accordion-mark-icon\">\n        <span class=\"icon_plus\"><\/span>\n        <span class=\"icon_minus-06\"><\/span>\n    <\/span>\n<\/span>\n<\/h4>\n<div  class=\"qode-accordion-content \" >\n    <div class=\"qode-accordion-content-inner\">\n        [vc_column_text]<\/p>\n<p style=\"text-align: left;\">Pour r\u00e9servations classiques : (jusqu\u2019\u00e0 3 lodges, non inclus les shootings ou les privatisations)<\/p>\n<p style=\"text-align: left;\">La facture est \u00e0 pay\u00e9e sur place lors du check out, pas de frais de carte de cr\u00e9dit hors am\u00e9rican express (3%)<\/p>\n<p style=\"text-align: left;\">Payment cash possible: 10% de r\u00e9duction sur le prix de la chambre (sur place)<\/p>\n<p style=\"text-align: left;\">Pour autre demande : une facture pro forma est envoy\u00e9e au client:<\/p>\n<p style=\"text-align: left;\">50% \u00e0 la r\u00e9servation et 50% deux mois avant la date d\u2019arriv\u00e9e<\/p>\n<p>[\/vc_column_text]    <\/div>\n<\/div><h4 class=\"clearfix qode-title-holder\">\n<span class=\"qode-tab-title\">\n\t    <span class=\"qode-tab-title-inner\">\n        Quand mon booking est consid\u00e9r\u00e9 comme confirm\u00e9 ?    <\/span>\n<\/span>\n<span class=\"qode-accordion-mark\">\n    <span class=\"qode-accordion-mark-icon\">\n        <span class=\"icon_plus\"><\/span>\n        <span class=\"icon_minus-06\"><\/span>\n    <\/span>\n<\/span>\n<\/h4>\n<div  class=\"qode-accordion-content \" >\n    <div class=\"qode-accordion-content-inner\">\n        [vc_column_text]Vous recevrez une confirmation directe du moteur de r\u00e9servation et un e mail de notre part.[\/vc_column_text]    <\/div>\n<\/div><h4 class=\"clearfix qode-title-holder\">\n<span class=\"qode-tab-title\">\n\t    <span class=\"qode-tab-title-inner\">\n        Quel est la politique d\u2019annulation ?    <\/span>\n<\/span>\n<span class=\"qode-accordion-mark\">\n    <span class=\"qode-accordion-mark-icon\">\n        <span class=\"icon_plus\"><\/span>\n        <span class=\"icon_minus-06\"><\/span>\n    <\/span>\n<\/span>\n<\/h4>\n<div  class=\"qode-accordion-content \" >\n    <div class=\"qode-accordion-content-inner\">\n        [vc_column_text]<\/p>\n<div style=\"text-align: left;\">Gratuite avant 30 jours de la date d\u2019arriv\u00e9e.<\/div>\n<div style=\"text-align: left;\">50% \u00e0 14 jours de la date d\u2019arriv\u00e9e, et 100% apr\u00e8s.<\/div>\n<p>[\/vc_column_text]    <\/div>\n<\/div><h4 class=\"clearfix qode-title-holder\">\n<span class=\"qode-tab-title\">\n\t    <span class=\"qode-tab-title-inner\">\n        Est ce que je peux manger au Lodge ?    <\/span>\n<\/span>\n<span class=\"qode-accordion-mark\">\n    <span class=\"qode-accordion-mark-icon\">\n        <span class=\"icon_plus\"><\/span>\n        <span class=\"icon_minus-06\"><\/span>\n    <\/span>\n<\/span>\n<\/h4>\n<div  class=\"qode-accordion-content \" >\n    <div class=\"qode-accordion-content-inner\">\n        [vc_column_text]<\/p>\n<div style=\"text-align: left;\">Nous servons un menu unique d\u2019apr\u00e8s les produits du march\u00e9 et demandons \u00e0 nos clients leurs pr\u00e9f\u00e9rences ou intol\u00e9rances ou allergies.<\/div>\n<div style=\"text-align: left;\">D\u00e9jeuner \u00e0 250 dh et Diner \u00e0 300 dh<\/div>\n<p>[\/vc_column_text]    <\/div>\n<\/div><h4 class=\"clearfix qode-title-holder\">\n<span class=\"qode-tab-title\">\n\t    <span class=\"qode-tab-title-inner\">\n        Est ce que les enfants peuvent venir gratuitement ?    <\/span>\n<\/span>\n<span class=\"qode-accordion-mark\">\n    <span class=\"qode-accordion-mark-icon\">\n        <span class=\"icon_plus\"><\/span>\n        <span class=\"icon_minus-06\"><\/span>\n    <\/span>\n<\/span>\n<\/h4>\n<div  class=\"qode-accordion-content \" >\n    <div class=\"qode-accordion-content-inner\">\n        [vc_column_text]<\/p>\n<p style=\"text-align: left;\">Les enfants sont accept\u00e9s \u00e0 partir de 5 ans dans le pavillon familial (jusqu&rsquo;\u00e0 2 enfants) possibilit\u00e9 de dormir \u00e9ventuellement dans le canap\u00e9 d&rsquo;appoint de la pi\u00e8ce principale. (Un lit double et deux lits simples dans une chambre suppl\u00e9mentaire)<br \/>\nEn deluxe trois personnes peuvent s\u00e9journer. Les enfants sont accept\u00e9s \u00e0 partir de 5 ans. (UN lit double et un lit simple)<\/p>\n<p style=\"text-align: left;\">Dans les autres chambres \u00e0 partir de 12 ans<\/p>\n<p>[\/vc_column_text]    <\/div>\n<\/div><h4 class=\"clearfix qode-title-holder\">\n<span class=\"qode-tab-title\">\n\t    <span class=\"qode-tab-title-inner\">\n        Quels sont les langues parl\u00e9es au Berber Lodge ?    <\/span>\n<\/span>\n<span class=\"qode-accordion-mark\">\n    <span class=\"qode-accordion-mark-icon\">\n        <span class=\"icon_plus\"><\/span>\n        <span class=\"icon_minus-06\"><\/span>\n    <\/span>\n<\/span>\n<\/h4>\n<div  class=\"qode-accordion-content \" >\n    <div class=\"qode-accordion-content-inner\">\n        [vc_column_text]Fran\u00e7ais, anglais et Espagnol.[\/vc_column_text]    <\/div>\n<\/div><h4 class=\"clearfix qode-title-holder\">\n<span class=\"qode-tab-title\">\n\t    <span class=\"qode-tab-title-inner\">\n        Il y a t il une taxe touristique ?    <\/span>\n<\/span>\n<span class=\"qode-accordion-mark\">\n    <span class=\"qode-accordion-mark-icon\">\n        <span class=\"icon_plus\"><\/span>\n        <span class=\"icon_minus-06\"><\/span>\n    <\/span>\n<\/span>\n<\/h4>\n<div  class=\"qode-accordion-content \" >\n    <div class=\"qode-accordion-content-inner\">\n        [vc_column_text]3 euros par\u00a0 jour et par personne[\/vc_column_text]    <\/div>\n<\/div><h4 class=\"clearfix qode-title-holder\">\n<span class=\"qode-tab-title\">\n\t    <span class=\"qode-tab-title-inner\">\n        Conditions pour l\u2019exclusivit\u00e9    <\/span>\n<\/span>\n<span class=\"qode-accordion-mark\">\n    <span class=\"qode-accordion-mark-icon\">\n        <span class=\"icon_plus\"><\/span>\n        <span class=\"icon_minus-06\"><\/span>\n    <\/span>\n<\/span>\n<\/h4>\n<div  class=\"qode-accordion-content \" >\n    <div class=\"qode-accordion-content-inner\">\n        [vc_column_text]<\/p>\n<div style=\"text-align: left;\">Privatisation<\/div>\n<div style=\"text-align: left;\">2 jours minimum;<\/div>\n<div style=\"text-align: left;\">Janvier et F\u00e9vrier (\u00e0 partir du 5 janvier)<\/div>\n<div style=\"text-align: left;\">September<\/div>\n<div style=\"text-align: left;\">Prix: 3500 euros par jour compris petits d\u00e9jeuners et d\u00e9parts tardifs<\/div>\n<div style=\"text-align: left;\"><\/div>\n<div style=\"text-align: left;\">Mars \u00e0 fin Juin, Octobre et Novembre<\/div>\n<div style=\"text-align: left;\">Du 25th d\u00e9cembre au 5th Janvier<\/div>\n<div style=\"text-align: left;\">Prix 4500 euros par jour compris petits d\u00e9jeuners et d\u00e9parts tardifs<\/div>\n<div style=\"text-align: left;\"><\/div>\n<div style=\"text-align: left;\"><\/div>\n<div style=\"text-align: left;\">Descriptif:<\/div>\n<div style=\"text-align: left;\">10 chambres:<\/div>\n<div style=\"text-align: left;\">Classique lodge x 2 : 4 Pers<\/div>\n<div style=\"text-align: left;\">Sup\u00e9rieur lodge\u00a0 x 3: 6 pers<\/div>\n<div style=\"text-align: left;\">Deluxe lodge x 3: 6 to 9 pers<\/div>\n<div style=\"text-align: left;\">Family : 2 to 2 adultes and 2 enfants\u00a0 ou amis\u00a0 (petite chambre avec deux lits single ): 280 euros<\/div>\n<div style=\"text-align: left;\">Sup\u00e9rieur avec vue: 2 Pers<\/div>\n<div style=\"text-align: left;\">Max : 25 personnes<\/div>\n<div style=\"text-align: left;\"><\/div>\n<div style=\"text-align: left;\">Payement: 24 heures option et totalit\u00e9 d\u00e8s r\u00e9ception de la facture pro forma.<\/div>\n<p>[\/vc_column_text]    <\/div>\n<\/div><\/div>[\/vc_column][vc_column width=\u00a0\u00bb1\/4&Prime;][\/vc_column][\/vc_row][vc_row css_animation=\u00a0\u00bb\u00a0\u00bb row_type=\u00a0\u00bbrow\u00a0\u00bb use_row_as_full_screen_section=\u00a0\u00bbno\u00a0\u00bb type=\u00a0\u00bbfull_width\u00a0\u00bb angled_section=\u00a0\u00bbno\u00a0\u00bb text_align=\u00a0\u00bbleft\u00a0\u00bb background_image_as_pattern=\u00a0\u00bbwithout_pattern\u00a0\u00bb][vc_column][vc_empty_space height=\u00a0\u00bb60px\u00a0\u00bb][\/vc_column][\/vc_row]<\/p>\n","protected":false},"excerpt":{"rendered":"<p>[vc_row css_animation=\u00a0\u00bb\u00a0\u00bb row_type=\u00a0\u00bbrow\u00a0\u00bb use_row_as_full_screen_section=\u00a0\u00bbno\u00a0\u00bb type=\u00a0\u00bbfull_width\u00a0\u00bb angled_section=\u00a0\u00bbno\u00a0\u00bb text_align=\u00a0\u00bbleft\u00a0\u00bb background_image_as_pattern=\u00a0\u00bbwithout_pattern\u00a0\u00bb][vc_column][vc_empty_space height=\u00a0\u00bb60px\u00a0\u00bb][\/vc_column][\/vc_row][vc_row css_animation=\u00a0\u00bb\u00a0\u00bb row_type=\u00a0\u00bbrow\u00a0\u00bb use_row_as_full_screen_section=\u00a0\u00bbno\u00a0\u00bb type=\u00a0\u00bbfull_width\u00a0\u00bb angled_section=\u00a0\u00bbno\u00a0\u00bb text_align=\u00a0\u00bbleft\u00a0\u00bb background_image_as_pattern=\u00a0\u00bbwithout_pattern\u00a0\u00bb z_index=\u00a0\u00bb\u00a0\u00bb][vc_column width=\u00a0\u00bb1\/4&Prime;][\/vc_column][vc_column width=\u00a0\u00bb1\/2&Prime;][\/vc_column][vc_column width=\u00a0\u00bb1\/4&Prime;][\/vc_column][\/vc_row][vc_row css_animation=\u00a0\u00bb\u00a0\u00bb row_type=\u00a0\u00bbrow\u00a0\u00bb use_row_as_full_screen_section=\u00a0\u00bbno\u00a0\u00bb type=\u00a0\u00bbfull_width\u00a0\u00bb angled_section=\u00a0\u00bbno\u00a0\u00bb text_align=\u00a0\u00bbleft\u00a0\u00bb background_image_as_pattern=\u00a0\u00bbwithout_pattern\u00a0\u00bb][vc_column][vc_empty_space height=\u00a0\u00bb60px\u00a0\u00bb][\/vc_column][\/vc_row]<\/p>\n","protected":false},"author":1,"featured_media":0,"parent":0,"menu_order":0,"comment_status":"closed","ping_status":"closed","template":"full_width.php","meta":{"footnotes":""},"class_list":["post-1099","page","type-page","status-publish","hentry"],"yoast_head":"<!-- This site is optimized with the Yoast SEO plugin v26.5 - https:\/\/yoast.com\/wordpress\/plugins\/seo\/ -->\n<title>conditions g\u00e9n\u00e9rales - BERBER LODGE<\/title>\n<meta name=\"robots\" content=\"index, follow, max-snippet:-1, max-image-preview:large, max-video-preview:-1\" \/>\n<link rel=\"canonical\" href=\"https:\/\/www.berberlodge.net\/fr\/conditions-generales\/\" \/>\n<meta property=\"og:locale\" content=\"fr_FR\" \/>\n<meta property=\"og:type\" content=\"article\" \/>\n<meta property=\"og:title\" content=\"conditions g\u00e9n\u00e9rales - BERBER LODGE\" \/>\n<meta property=\"og:description\" content=\"[vc_row css_animation=\u00a0\u00bb\u00a0\u00bb row_type=\u00a0\u00bbrow\u00a0\u00bb use_row_as_full_screen_section=\u00a0\u00bbno\u00a0\u00bb type=\u00a0\u00bbfull_width\u00a0\u00bb angled_section=\u00a0\u00bbno\u00a0\u00bb text_align=\u00a0\u00bbleft\u00a0\u00bb background_image_as_pattern=\u00a0\u00bbwithout_pattern\u00a0\u00bb][vc_column][vc_empty_space height=\u00a0\u00bb60px\u00a0\u00bb][\/vc_column][\/vc_row][vc_row css_animation=\u00a0\u00bb\u00a0\u00bb row_type=\u00a0\u00bbrow\u00a0\u00bb use_row_as_full_screen_section=\u00a0\u00bbno\u00a0\u00bb type=\u00a0\u00bbfull_width\u00a0\u00bb angled_section=\u00a0\u00bbno\u00a0\u00bb text_align=\u00a0\u00bbleft\u00a0\u00bb background_image_as_pattern=\u00a0\u00bbwithout_pattern\u00a0\u00bb z_index=\u00a0\u00bb\u00a0\u00bb][vc_column width=\u00a0\u00bb1\/4&Prime;][\/vc_column][vc_column width=\u00a0\u00bb1\/2&Prime;][\/vc_column][vc_column width=\u00a0\u00bb1\/4&Prime;][\/vc_column][\/vc_row][vc_row css_animation=\u00a0\u00bb\u00a0\u00bb row_type=\u00a0\u00bbrow\u00a0\u00bb use_row_as_full_screen_section=\u00a0\u00bbno\u00a0\u00bb type=\u00a0\u00bbfull_width\u00a0\u00bb angled_section=\u00a0\u00bbno\u00a0\u00bb text_align=\u00a0\u00bbleft\u00a0\u00bb background_image_as_pattern=\u00a0\u00bbwithout_pattern\u00a0\u00bb][vc_column][vc_empty_space height=\u00a0\u00bb60px\u00a0\u00bb][\/vc_column][\/vc_row]\" \/>\n<meta property=\"og:url\" content=\"https:\/\/www.berberlodge.net\/fr\/conditions-generales\/\" \/>\n<meta property=\"og:site_name\" content=\"BERBER LODGE\" \/>\n<meta property=\"article:publisher\" content=\"https:\/\/www.facebook.com\/berberlodge\/\" \/>\n<meta property=\"article:modified_time\" content=\"2022-09-16T07:59:26+00:00\" \/>\n<meta name=\"twitter:card\" content=\"summary_large_image\" \/>\n<meta name=\"twitter:label1\" content=\"Dur\u00e9e de lecture estim\u00e9e\" \/>\n\t<meta name=\"twitter:data1\" content=\"3 minutes\" \/>\n<script type=\"application\/ld+json\" class=\"yoast-schema-graph\">{\"@context\":\"https:\/\/schema.org\",\"@graph\":[{\"@type\":\"WebPage\",\"@id\":\"https:\/\/www.berberlodge.net\/fr\/conditions-generales\/\",\"url\":\"https:\/\/www.berberlodge.net\/fr\/conditions-generales\/\",\"name\":\"conditions g\u00e9n\u00e9rales - BERBER LODGE\",\"isPartOf\":{\"@id\":\"https:\/\/www.berberlodge.net\/#website\"},\"datePublished\":\"2019-09-18T13:23:52+00:00\",\"dateModified\":\"2022-09-16T07:59:26+00:00\",\"breadcrumb\":{\"@id\":\"https:\/\/www.berberlodge.net\/fr\/conditions-generales\/#breadcrumb\"},\"inLanguage\":\"fr-FR\",\"potentialAction\":[{\"@type\":\"ReadAction\",\"target\":[\"https:\/\/www.berberlodge.net\/fr\/conditions-generales\/\"]}]},{\"@type\":\"BreadcrumbList\",\"@id\":\"https:\/\/www.berberlodge.net\/fr\/conditions-generales\/#breadcrumb\",\"itemListElement\":[{\"@type\":\"ListItem\",\"position\":1,\"name\":\"Accueil\",\"item\":\"https:\/\/www.berberlodge.net\/fr\/\"},{\"@type\":\"ListItem\",\"position\":2,\"name\":\"conditions g\u00e9n\u00e9rales\"}]},{\"@type\":\"WebSite\",\"@id\":\"https:\/\/www.berberlodge.net\/#website\",\"url\":\"https:\/\/www.berberlodge.net\/\",\"name\":\"BERBER LODGE MARRAKECH\",\"description\":\"Un site utilisant WordPress\",\"publisher\":{\"@id\":\"https:\/\/www.berberlodge.net\/#organization\"},\"potentialAction\":[{\"@type\":\"SearchAction\",\"target\":{\"@type\":\"EntryPoint\",\"urlTemplate\":\"https:\/\/www.berberlodge.net\/?s={search_term_string}\"},\"query-input\":{\"@type\":\"PropertyValueSpecification\",\"valueRequired\":true,\"valueName\":\"search_term_string\"}}],\"inLanguage\":\"fr-FR\"},{\"@type\":\"Organization\",\"@id\":\"https:\/\/www.berberlodge.net\/#organization\",\"name\":\"BERBER LODGE\",\"url\":\"https:\/\/www.berberlodge.net\/\",\"logo\":{\"@type\":\"ImageObject\",\"inLanguage\":\"fr-FR\",\"@id\":\"https:\/\/www.berberlodge.net\/#\/schema\/logo\/image\/\",\"url\":\"https:\/\/www.berberlodge.net\/wp-content\/uploads\/2019\/06\/logo_BERBER_LODGE-haut-blanc.png\",\"contentUrl\":\"https:\/\/www.berberlodge.net\/wp-content\/uploads\/2019\/06\/logo_BERBER_LODGE-haut-blanc.png\",\"width\":250,\"height\":389,\"caption\":\"BERBER LODGE\"},\"image\":{\"@id\":\"https:\/\/www.berberlodge.net\/#\/schema\/logo\/image\/\"},\"sameAs\":[\"https:\/\/www.facebook.com\/berberlodge\/\",\"https:\/\/www.instagram.com\/berberlodge_\/\"]}]}<\/script>\n<!-- \/ Yoast SEO plugin. -->","yoast_head_json":{"title":"conditions g\u00e9n\u00e9rales - BERBER LODGE","robots":{"index":"index","follow":"follow","max-snippet":"max-snippet:-1","max-image-preview":"max-image-preview:large","max-video-preview":"max-video-preview:-1"},"canonical":"https:\/\/www.berberlodge.net\/fr\/conditions-generales\/","og_locale":"fr_FR","og_type":"article","og_title":"conditions g\u00e9n\u00e9rales - BERBER LODGE","og_description":"[vc_row css_animation=\u00a0\u00bb\u00a0\u00bb row_type=\u00a0\u00bbrow\u00a0\u00bb use_row_as_full_screen_section=\u00a0\u00bbno\u00a0\u00bb type=\u00a0\u00bbfull_width\u00a0\u00bb angled_section=\u00a0\u00bbno\u00a0\u00bb text_align=\u00a0\u00bbleft\u00a0\u00bb background_image_as_pattern=\u00a0\u00bbwithout_pattern\u00a0\u00bb][vc_column][vc_empty_space height=\u00a0\u00bb60px\u00a0\u00bb][\/vc_column][\/vc_row][vc_row css_animation=\u00a0\u00bb\u00a0\u00bb row_type=\u00a0\u00bbrow\u00a0\u00bb use_row_as_full_screen_section=\u00a0\u00bbno\u00a0\u00bb type=\u00a0\u00bbfull_width\u00a0\u00bb angled_section=\u00a0\u00bbno\u00a0\u00bb text_align=\u00a0\u00bbleft\u00a0\u00bb background_image_as_pattern=\u00a0\u00bbwithout_pattern\u00a0\u00bb z_index=\u00a0\u00bb\u00a0\u00bb][vc_column width=\u00a0\u00bb1\/4&Prime;][\/vc_column][vc_column width=\u00a0\u00bb1\/2&Prime;][\/vc_column][vc_column width=\u00a0\u00bb1\/4&Prime;][\/vc_column][\/vc_row][vc_row css_animation=\u00a0\u00bb\u00a0\u00bb row_type=\u00a0\u00bbrow\u00a0\u00bb use_row_as_full_screen_section=\u00a0\u00bbno\u00a0\u00bb type=\u00a0\u00bbfull_width\u00a0\u00bb angled_section=\u00a0\u00bbno\u00a0\u00bb text_align=\u00a0\u00bbleft\u00a0\u00bb background_image_as_pattern=\u00a0\u00bbwithout_pattern\u00a0\u00bb][vc_column][vc_empty_space height=\u00a0\u00bb60px\u00a0\u00bb][\/vc_column][\/vc_row]","og_url":"https:\/\/www.berberlodge.net\/fr\/conditions-generales\/","og_site_name":"BERBER LODGE","article_publisher":"https:\/\/www.facebook.com\/berberlodge\/","article_modified_time":"2022-09-16T07:59:26+00:00","twitter_card":"summary_large_image","twitter_misc":{"Dur\u00e9e de lecture estim\u00e9e":"3 minutes"},"schema":{"@context":"https:\/\/schema.org","@graph":[{"@type":"WebPage","@id":"https:\/\/www.berberlodge.net\/fr\/conditions-generales\/","url":"https:\/\/www.berberlodge.net\/fr\/conditions-generales\/","name":"conditions g\u00e9n\u00e9rales - BERBER LODGE","isPartOf":{"@id":"https:\/\/www.berberlodge.net\/#website"},"datePublished":"2019-09-18T13:23:52+00:00","dateModified":"2022-09-16T07:59:26+00:00","breadcrumb":{"@id":"https:\/\/www.berberlodge.net\/fr\/conditions-generales\/#breadcrumb"},"inLanguage":"fr-FR","potentialAction":[{"@type":"ReadAction","target":["https:\/\/www.berberlodge.net\/fr\/conditions-generales\/"]}]},{"@type":"BreadcrumbList","@id":"https:\/\/www.berberlodge.net\/fr\/conditions-generales\/#breadcrumb","itemListElement":[{"@type":"ListItem","position":1,"name":"Accueil","item":"https:\/\/www.berberlodge.net\/fr\/"},{"@type":"ListItem","position":2,"name":"conditions g\u00e9n\u00e9rales"}]},{"@type":"WebSite","@id":"https:\/\/www.berberlodge.net\/#website","url":"https:\/\/www.berberlodge.net\/","name":"BERBER LODGE MARRAKECH","description":"Un site utilisant WordPress","publisher":{"@id":"https:\/\/www.berberlodge.net\/#organization"},"potentialAction":[{"@type":"SearchAction","target":{"@type":"EntryPoint","urlTemplate":"https:\/\/www.berberlodge.net\/?s={search_term_string}"},"query-input":{"@type":"PropertyValueSpecification","valueRequired":true,"valueName":"search_term_string"}}],"inLanguage":"fr-FR"},{"@type":"Organization","@id":"https:\/\/www.berberlodge.net\/#organization","name":"BERBER LODGE","url":"https:\/\/www.berberlodge.net\/","logo":{"@type":"ImageObject","inLanguage":"fr-FR","@id":"https:\/\/www.berberlodge.net\/#\/schema\/logo\/image\/","url":"https:\/\/www.berberlodge.net\/wp-content\/uploads\/2019\/06\/logo_BERBER_LODGE-haut-blanc.png","contentUrl":"https:\/\/www.berberlodge.net\/wp-content\/uploads\/2019\/06\/logo_BERBER_LODGE-haut-blanc.png","width":250,"height":389,"caption":"BERBER LODGE"},"image":{"@id":"https:\/\/www.berberlodge.net\/#\/schema\/logo\/image\/"},"sameAs":["https:\/\/www.facebook.com\/berberlodge\/","https:\/\/www.instagram.com\/berberlodge_\/"]}]}},"_links":{"self":[{"href":"https:\/\/www.berberlodge.net\/fr\/wp-json\/wp\/v2\/pages\/1099","targetHints":{"allow":["GET"]}}],"collection":[{"href":"https:\/\/www.berberlodge.net\/fr\/wp-json\/wp\/v2\/pages"}],"about":[{"href":"https:\/\/www.berberlodge.net\/fr\/wp-json\/wp\/v2\/types\/page"}],"author":[{"embeddable":true,"href":"https:\/\/www.berberlodge.net\/fr\/wp-json\/wp\/v2\/users\/1"}],"replies":[{"embeddable":true,"href":"https:\/\/www.berberlodge.net\/fr\/wp-json\/wp\/v2\/comments?post=1099"}],"version-history":[{"count":14,"href":"https:\/\/www.berberlodge.net\/fr\/wp-json\/wp\/v2\/pages\/1099\/revisions"}],"predecessor-version":[{"id":2165,"href":"https:\/\/www.berberlodge.net\/fr\/wp-json\/wp\/v2\/pages\/1099\/revisions\/2165"}],"wp:attachment":[{"href":"https:\/\/www.berberlodge.net\/fr\/wp-json\/wp\/v2\/media?parent=1099"}],"curies":[{"name":"wp","href":"https:\/\/api.w.org\/{rel}","templated":true}]}}